{"id":58600,"date":"2017-05-15T11:53:55","date_gmt":"2017-05-15T11:53:55","guid":{"rendered":"https:\/\/undsgn.com\/uncode_new\/?page_id=58600"},"modified":"2025-02-17T09:07:49","modified_gmt":"2025-02-17T09:07:49","slug":"classic-photographer","status":"publish","type":"page","link":"https:\/\/fredandflora.com\/fr\/","title":{"rendered":"Homepage"},"content":{"rendered":"<div class=\"wpb-content-wrapper\"><div data-parent=\"true\" class=\"vc_row style-color-lxmt-bg row-container\" id=\"row-unique-0\"><div class=\"row double-top-padding double-bottom-padding single-h-padding limit-width row-parent\"><div class=\"wpb_row row-inner\"><div class=\"wpb_column pos-top pos-center align_center column_parent col-lg-12 one-internal-gutter\"><div class=\"uncol style-light font-202503\"  ><div class=\"uncoltable\"><div class=\"uncell\" ><div class=\"uncont no-block-padding col-custom-width\" style=\"max-width:600px;\"><div class=\"vc_custom_heading_wrap\"><div class=\"heading-text el-text\" ><h2 class=\"h2 font-weight-400\" ><span>Histoires d'amour captur\u00e9es<\/span><\/h2><\/div><div class=\"clear\"><\/div><\/div><div class=\"vc_custom_heading_wrap\"><div class=\"heading-text el-text\" ><p class=\"font-202503 h1 fontheight-357766 fontspace-781688 font-weight-400\" ><span>\u3030<\/span><\/p><\/div><div class=\"clear\"><\/div><\/div><div class=\"empty-space empty-triple\" ><span class=\"empty-space-inner\"><\/span><\/div>\n<\/div><\/div><\/div><\/div><\/div><script id=\"script-row-unique-0\" data-row=\"script-row-unique-0\" type=\"text\/javascript\" class=\"vc_controls\">UNCODE.initRow(document.getElementById(\"row-unique-0\"));<\/script><\/div><\/div><\/div><div data-parent=\"true\" class=\"vc_row row-container\" style=\"z-index: 2;\" id=\"row-unique-1\"><div class=\"row no-top-padding single-bottom-padding no-h-padding full-width row-parent\"><div class=\"wpb_row row-inner\"><div class=\"wpb_column pos-top pos-center align_center column_parent col-lg-12 double-internal-gutter\"><div class=\"uncol style-light shift_y_neg_quad shift_y_fixed\"  ><div class=\"uncoltable\"><div class=\"uncell\" ><div class=\"uncont single-block-padding col-custom-width style-color-xsdn-bg\" style=\"max-width:92%;\"><div id=\"index-9623217\" class=\"isotope-system isotope-general-light grid-general-light\" >\n\t\t\t\n\t\t\t\t\t\t<div class=\"isotope-wrapper grid-wrapper half-gutter\">\t\t\t\t\t\t<div class=\"isotope-container grid-container isotope-layout style-masonry isotope-pagination grid-pagination\" data-type=\"masonry\" data-layout=\"masonry\" data-lg=\"1000\" data-md=\"600\" data-sm=\"480\" data-vp-height=\"\">\t\t\t<div class=\"tmb atc-typography-inherit tmb-iso-w4 tmb-iso-h4 tmb-light tmb-overlay-gradient-bottom tmb-text-showed tmb-overlay-text-anim tmb-reveal-bottom tmb-overlay-showed tmb-overlay-anim tmb-overlay-bottom tmb-overlay-text-center  grid-cat-73 grid-cat-136 tmb-id-73395 tmb-img-ratio tmb-media-first tmb-media-last tmb-content-overlay tmb-no-bg\" ><div class=\"t-inside\" ><div class=\"t-entry-visual\"><div class=\"t-entry-visual-tc\"><div class=\"t-entry-visual-cont\"><div class=\"dummy\" style=\"padding-top: 75%;\"><\/div><a tabindex=\"-1\" href=\"https:\/\/fredandflora.com\/fr\/portfolio\/photographe-strasbourg\/\" class=\"pushed\" target=\"_self\" data-lb-index=\"0\"><div class=\"t-entry-visual-overlay\"><div class=\"t-entry-visual-overlay-in style-dark-bg\" style=\"opacity: 0.25;\"><\/div><\/div><div class=\"t-overlay-wrap\"><div class=\"t-overlay-inner\">\n\t\t\t\t\t\t\t\t\t\t\t\t\t\t<div class=\"t-overlay-content\">\n\t\t\t\t\t\t\t\t\t\t\t\t\t\t\t<div class=\"t-overlay-text single-block-padding\"><div class=\"t-entry\"><h3 class=\"t-entry-title h4 font-weight-400 title-scale\">S\u00e9ance photo de couple \u00e0 Strasbourg<\/h3><\/div><\/div><\/div><\/div><\/div><img decoding=\"async\" class=\"wp-image-73633\" src=\"https:\/\/fredandflora.com\/wp-content\/uploads\/2019\/02\/MP_15-scaled-uai-2276x1707.jpg\" width=\"2276\" height=\"1707\" alt=\"\" srcset=\"https:\/\/fredandflora.com\/wp-content\/uploads\/2019\/02\/MP_15-scaled-uai-2276x1707.jpg 2276w, https:\/\/fredandflora.com\/wp-content\/uploads\/2019\/02\/MP_15-scaled-uai-720x540.jpg 720w, https:\/\/fredandflora.com\/wp-content\/uploads\/2019\/02\/MP_15-scaled-uai-1032x774.jpg 1032w\" sizes=\"(max-width: 2276px) 100vw, 2276px\" \/><\/a><\/div>\n\t\t\t\t\t<\/div>\n\t\t\t\t<\/div><\/div><\/div><div class=\"tmb atc-typography-inherit tmb-iso-w4 tmb-iso-h4 tmb-light tmb-overlay-gradient-bottom tmb-text-showed tmb-overlay-text-anim tmb-reveal-bottom tmb-overlay-showed tmb-overlay-anim tmb-overlay-bottom tmb-overlay-text-center  grid-cat-73 grid-cat-135 grid-cat-136 tmb-id-73268 tmb-img-ratio tmb-media-first tmb-media-last tmb-content-overlay tmb-no-bg\" ><div class=\"t-inside\" ><div class=\"t-entry-visual\"><div class=\"t-entry-visual-tc\"><div class=\"t-entry-visual-cont\"><div class=\"dummy\" style=\"padding-top: 75%;\"><\/div><a tabindex=\"-1\" href=\"https:\/\/fredandflora.com\/fr\/portfolio\/alexandra-giuseppe\/\" class=\"pushed\" target=\"_self\" data-lb-index=\"1\"><div class=\"t-entry-visual-overlay\"><div class=\"t-entry-visual-overlay-in style-dark-bg\" style=\"opacity: 0.25;\"><\/div><\/div><div class=\"t-overlay-wrap\"><div class=\"t-overlay-inner\">\n\t\t\t\t\t\t\t\t\t\t\t\t\t\t<div class=\"t-overlay-content\">\n\t\t\t\t\t\t\t\t\t\t\t\t\t\t\t<div class=\"t-overlay-text single-block-padding\"><div class=\"t-entry\"><h3 class=\"t-entry-title h4 font-weight-400 title-scale\">\u00c9lopement urbain<\/h3><\/div><\/div><\/div><\/div><\/div><img decoding=\"async\" class=\"wp-image-73260\" src=\"https:\/\/fredandflora.com\/wp-content\/uploads\/2018\/10\/AG-40-uai-1333x1000.jpg\" width=\"1333\" height=\"1000\" alt=\"\" srcset=\"https:\/\/fredandflora.com\/wp-content\/uploads\/2018\/10\/AG-40-uai-1333x1000.jpg 1333w, https:\/\/fredandflora.com\/wp-content\/uploads\/2018\/10\/AG-40-uai-720x540.jpg 720w, https:\/\/fredandflora.com\/wp-content\/uploads\/2018\/10\/AG-40-uai-1032x774.jpg 1032w\" sizes=\"(max-width: 1333px) 100vw, 1333px\" \/><\/a><\/div>\n\t\t\t\t\t<\/div>\n\t\t\t\t<\/div><\/div><\/div><div class=\"tmb atc-typography-inherit tmb-iso-w4 tmb-iso-h4 tmb-light tmb-overlay-gradient-bottom tmb-text-showed tmb-overlay-text-anim tmb-reveal-bottom tmb-overlay-showed tmb-overlay-anim tmb-overlay-bottom tmb-overlay-text-center  grid-cat-73 grid-cat-135 grid-cat-137 tmb-id-73283 tmb-img-ratio tmb-media-first tmb-media-last tmb-content-overlay tmb-no-bg\" ><div class=\"t-inside\" ><div class=\"t-entry-visual\"><div class=\"t-entry-visual-tc\"><div class=\"t-entry-visual-cont\"><div class=\"dummy\" style=\"padding-top: 75%;\"><\/div><a tabindex=\"-1\" href=\"https:\/\/fredandflora.com\/fr\/portfolio\/patrizia-guillaume\/\" class=\"pushed\" target=\"_self\" data-lb-index=\"2\"><div class=\"t-entry-visual-overlay\"><div class=\"t-entry-visual-overlay-in style-dark-bg\" style=\"opacity: 0.25;\"><\/div><\/div><div class=\"t-overlay-wrap\"><div class=\"t-overlay-inner\">\n\t\t\t\t\t\t\t\t\t\t\t\t\t\t<div class=\"t-overlay-content\">\n\t\t\t\t\t\t\t\t\t\t\t\t\t\t\t<div class=\"t-overlay-text single-block-padding\"><div class=\"t-entry\"><h3 class=\"t-entry-title h4 font-weight-400 title-scale\">Mariage en Provence \u2013 Vid\u00e9aste de mariage en France<\/h3><\/div><\/div><\/div><\/div><\/div><img decoding=\"async\" class=\"wp-image-73457\" src=\"https:\/\/fredandflora.com\/wp-content\/uploads\/2018\/10\/PG_by-FredFlora_55-1-uai-1777x1333.jpg\" width=\"1777\" height=\"1333\" alt=\"\" srcset=\"https:\/\/fredandflora.com\/wp-content\/uploads\/2018\/10\/PG_by-FredFlora_55-1-uai-1777x1333.jpg 1777w, https:\/\/fredandflora.com\/wp-content\/uploads\/2018\/10\/PG_by-FredFlora_55-1-uai-720x540.jpg 720w, https:\/\/fredandflora.com\/wp-content\/uploads\/2018\/10\/PG_by-FredFlora_55-1-uai-1032x774.jpg 1032w\" sizes=\"(max-width: 1777px) 100vw, 1777px\" \/><\/a><\/div>\n\t\t\t\t\t<\/div>\n\t\t\t\t<\/div><\/div><\/div>\t\t<\/div>\n\t\n\n\t<\/div>\t\t\t<\/div>\n<span class=\"btn-container\" ><a href=\"https:\/\/fredandflora.com\/fr\/portfolio\/\" class=\"custom-link btn border-width-0 btn-accent btn-outline btn-icon-left\">Portfolio<\/a><\/span><\/div><\/div><\/div><\/div><\/div><script id=\"script-row-unique-1\" data-row=\"script-row-unique-1\" type=\"text\/javascript\" class=\"vc_controls\">UNCODE.initRow(document.getElementById(\"row-unique-1\"));<\/script><\/div><\/div><\/div><div data-parent=\"true\" class=\"vc_row row-container with-parallax\" id=\"row-unique-2\"><div class=\"row-background background-element\">\n\t\t\t\t\t\t\t\t\t\t\t<div class=\"background-wrapper\">\n\t\t\t\t\t\t\t\t\t\t\t\t<div class=\"background-inner\" style=\"background-image: url(https:\/\/fredandflora.com\/wp-content\/uploads\/2018\/05\/section4.jpg);background-repeat: no-repeat;background-position: center top;background-size: cover;\"><\/div>\n\t\t\t\t\t\t\t\t\t\t\t\t<div class=\"block-bg-overlay style-color-656282-bg\" style=\"opacity: 0.5;\"><\/div>\n\t\t\t\t\t\t\t\t\t\t\t<\/div>\n\t\t\t\t\t\t\t\t\t\t<\/div><div class=\"row double-top-padding double-bottom-padding triple-h-padding full-width row-parent\" data-height-ratio=\"55\"><div class=\"wpb_row row-inner\"><div class=\"wpb_column pos-middle pos-center align_center column_parent col-lg-12 single-internal-gutter\"><div class=\"uncol style-dark\"  ><div class=\"uncoltable\"><div class=\"uncell\" ><div class=\"uncont no-block-padding col-custom-width\" style=\"max-width:1404px;\"><div class=\"vc_row vc_custom_1527527726368 row-internal row-container\" style=\"margin-bottom: 25px ;\"><div class=\"row col-double-gutter row-child\"><div class=\"wpb_row row-inner\"><div class=\"wpb_column pos-top pos-center align_center column_child col-lg-4 half-internal-gutter\"><div class=\"uncol style-dark animate_when_almost_visible zoom-out\" data-delay=\"200\"><div class=\"uncoltable\"><div class=\"uncell no-block-padding\" ><div class=\"uncont\"><div class=\"icon-box icon-box-top\" ><div class=\"icon-box-icon fa-container\" style=\"margin-bottom: 0px;\"><span class=\"text-default-color btn-disable-hover\"><i class=\"fa fa-video3 fa-3x fa-fw\"><\/i><\/span><\/div><\/div><div class=\"vc_custom_heading_wrap\"><div class=\"heading-text el-text\" ><h2 class=\"h3 font-weight-400\" ><span>VOTRE HISTOIRE SUR MESURE<\/span><\/h2><\/div><div class=\"clear\"><\/div><\/div><div class=\"divider-wrapper\"  >\n    <hr class=\"border-,Default-color separator-no-padding\"  \/>\n<\/div>\n<div class=\"vc_custom_heading_wrap\"><div class=\"heading-text el-text\" ><p class=\"h4 font-weight-200\" ><span>Nous voulons vous conna\u00eetre, afin de pouvoir raconter une histoire unique et sinc\u00e8re.<\/span><\/p><\/div><div class=\"clear\"><\/div><\/div><\/div><\/div><\/div><\/div><\/div><div class=\"wpb_column pos-top pos-center align_center column_child col-lg-4 half-internal-gutter\"><div class=\"uncol style-dark animate_when_almost_visible zoom-out\" data-delay=\"400\"><div class=\"uncoltable\"><div class=\"uncell no-block-padding\" ><div class=\"uncont\"><div class=\"icon-box icon-box-top\" ><div class=\"icon-box-icon fa-container\" style=\"margin-bottom: 0px;\"><span class=\"text-default-color btn-disable-hover\"><i class=\"fa fa-camera2 fa-3x fa-fw\"><\/i><\/span><\/div><\/div><div class=\"vc_custom_heading_wrap\"><div class=\"heading-text el-text\" ><h2 class=\"h3 font-weight-400\" ><span>IMAGES DE HAUTE QUALIT\u00c9<\/span><\/h2><\/div><div class=\"clear\"><\/div><\/div><div class=\"divider-wrapper\"  >\n    <hr class=\"border-,Default-color separator-no-padding\"  \/>\n<\/div>\n<div class=\"vc_custom_heading_wrap\"><div class=\"heading-text el-text\" ><p class=\"h4 font-weight-200\" ><span>Nous capturerons les moments authentiques et les assemblerons dans un film cin\u00e9matographique et des photos artistiques.<\/span><\/p><\/div><div class=\"clear\"><\/div><\/div><\/div><\/div><\/div><\/div><\/div><div class=\"wpb_column pos-top pos-center align_center column_child col-lg-4 half-internal-gutter\"><div class=\"uncol style-dark animate_when_almost_visible zoom-out\" data-delay=\"600\"><div class=\"uncoltable\"><div class=\"uncell no-block-padding\" ><div class=\"uncont\"><div class=\"icon-box icon-box-top\" ><div class=\"icon-box-icon fa-container\" style=\"margin-bottom: 0px;\"><span class=\"text-default-color btn-disable-hover\"><i class=\"fa fa-heart5 fa-3x fa-fw\"><\/i><\/span><\/div><\/div><div class=\"vc_custom_heading_wrap\"><div class=\"heading-text el-text\" ><h2 class=\"h3 font-weight-400\" ><span>DES SOUVENIRS POUR LA VIE<\/span><\/h2><\/div><div class=\"clear\"><\/div><\/div><div class=\"divider-wrapper\"  >\n    <hr class=\"border-,Default-color separator-no-padding\"  \/>\n<\/div>\n<div class=\"vc_custom_heading_wrap\"><div class=\"heading-text el-text\" ><p class=\"h4 font-weight-200\" ><span>Nous vous fournirons des souvenirs que vous pourrez partager avec votre famille et vos amis.<\/span><\/p><\/div><div class=\"clear\"><\/div><\/div><\/div><\/div><\/div><\/div><\/div><\/div><\/div><\/div><div class=\"empty-space empty-single\" ><span class=\"empty-space-inner\"><\/span><\/div>\n<span class=\"btn-container\" ><a href=\"https:\/\/fredandflora.com\/fr\/services\/\" class=\"custom-link btn border-width-0 btn-default btn-outline btn-icon-left\">En savoir plus sur nos services<\/a><\/span><\/div><\/div><\/div><\/div><\/div><script id=\"script-row-unique-2\" data-row=\"script-row-unique-2\" type=\"text\/javascript\" class=\"vc_controls\">UNCODE.initRow(document.getElementById(\"row-unique-2\"));<\/script><\/div><\/div><\/div><div data-parent=\"true\" class=\"vc_row row-container\" id=\"row-unique-3\"><div class=\"row single-top-padding single-bottom-padding triple-h-padding limit-width row-parent\"><div class=\"wpb_row row-inner\"><div class=\"wpb_column pos-top pos-center align_center column_parent col-lg-12 single-internal-gutter\"><div class=\"uncol style-light\"  ><div class=\"uncoltable\"><div class=\"uncell no-block-padding\" ><div class=\"uncont\"><div class=\"vc_custom_heading_wrap\"><div class=\"heading-text el-text\" ><h2 class=\"h2 font-weight-400\" ><span>\u00c0 propos<\/span><\/h2><\/div><div class=\"clear\"><\/div><\/div><div class=\"vc_custom_heading_wrap\"><div class=\"heading-text el-text\" ><p class=\"font-202503 h1 fontheight-357766 fontspace-781688 font-weight-400\" ><span>\u3030<\/span><\/p><\/div><div class=\"clear\"><\/div><\/div><div class=\"uncode_text_column\" ><p>Nous sommes Flora et Fred, un duo de photographes - vid\u00e9astes bas\u00e9 \u00e0 Strasbourg.<\/p>\n<p>Regardez notre film de style.<\/p>\n<\/div><div class=\"vc_wp_text wpb_content_element\"  data-id=\"1\"><div class=\"widget widget_text\">\t\t\t<div class=\"textwidget\"><\/p>\n<div style=\"padding: 56.25% 0 0 0; position: relative;\"><iframe style=\"position: absolute; top: 0; left: 0; width: 100%; height: 100%;\" src=\"https:\/\/player.vimeo.com\/video\/272322425?color=86b3d1&amp;title=0&amp;byline=0&amp;portrait=0\" frameborder=\"0\" allowfullscreen=\"allowfullscreen\"><\/iframe><\/div>\n<p>\n<\/div>\n\t\t<\/div><\/div><\/div><\/div><\/div><\/div><\/div><script id=\"script-row-unique-3\" data-row=\"script-row-unique-3\" type=\"text\/javascript\" class=\"vc_controls\">UNCODE.initRow(document.getElementById(\"row-unique-3\"));<\/script><\/div><\/div><\/div><div data-parent=\"true\" class=\"vc_row vc_custom_1527871254472 row-container\" style=\"padding-bottom: 50px ;\" id=\"row-unique-4\"><div class=\"row limit-width row-parent\"><div class=\"wpb_row row-inner\"><div class=\"wpb_column pos-top pos-center align_center column_parent col-lg-12 single-internal-gutter\"><div class=\"uncol style-light\"  ><div class=\"uncoltable\"><div class=\"uncell\" ><div class=\"uncont no-block-padding col-custom-width\" style=\"max-width:600px;\"><span class=\"btn-container\" ><a href=\"https:\/\/fredandflora.com\/fr\/about-us\/\" class=\"custom-link btn border-width-0 btn-accent btn-outline btn-icon-left\">En savoir plus sur nous<\/a><\/span><\/div><\/div><\/div><\/div><\/div><script id=\"script-row-unique-4\" data-row=\"script-row-unique-4\" type=\"text\/javascript\" class=\"vc_controls\">UNCODE.initRow(document.getElementById(\"row-unique-4\"));<\/script><\/div><\/div><\/div><div data-parent=\"true\" class=\"vc_row limit-width row-container\" id=\"row-unique-6\"><div class=\"row row-parent\"><div class=\"wpb_row row-inner\"><div class=\"wpb_column pos-top pos-center align_center column_parent col-lg-12 single-internal-gutter\"><div class=\"uncol style-light\"  ><div class=\"uncoltable\"><div class=\"uncell no-block-padding\" ><div class=\"uncont\"><div class=\"vc_row row-internal row-container\"><div class=\"row row-child\"><div class=\"wpb_row row-inner\"><div class=\"wpb_column pos-top pos-center align_left column_child col-lg-12 single-internal-gutter\"><div class=\"uncol style-light\" ><div class=\"uncoltable\"><div class=\"uncell no-block-padding\" ><div class=\"uncont\"><div class=\"uncode-single-media  text-center\"><div class=\"single-wrapper\" style=\"max-width: 150px;\"><div class=\"tmb tmb-light  tmb-media-first tmb-media-last tmb-content-overlay tmb-no-bg\"><div class=\"t-inside\"><div class=\"t-entry-visual\"><div class=\"t-entry-visual-tc\"><div class=\"uncode-single-media-wrapper\"><img decoding=\"async\" class=\"wp-image-73589\" src=\"https:\/\/fredandflora.com\/wp-content\/uploads\/2020\/01\/weddyplace_badge_empfehlung.png\" width=\"1151\" height=\"1151\" alt=\"\" srcset=\"https:\/\/fredandflora.com\/wp-content\/uploads\/2020\/01\/weddyplace_badge_empfehlung.png 1151w, https:\/\/fredandflora.com\/wp-content\/uploads\/2020\/01\/weddyplace_badge_empfehlung-300x300.png 300w, https:\/\/fredandflora.com\/wp-content\/uploads\/2020\/01\/weddyplace_badge_empfehlung-1024x1024.png 1024w, https:\/\/fredandflora.com\/wp-content\/uploads\/2020\/01\/weddyplace_badge_empfehlung-150x150.png 150w, https:\/\/fredandflora.com\/wp-content\/uploads\/2020\/01\/weddyplace_badge_empfehlung-768x768.png 768w, https:\/\/fredandflora.com\/wp-content\/uploads\/2020\/01\/weddyplace_badge_empfehlung-uai-720x720.png 720w, https:\/\/fredandflora.com\/wp-content\/uploads\/2020\/01\/weddyplace_badge_empfehlung-uai-1032x1032.png 1032w\" sizes=\"(max-width: 1151px) 100vw, 1151px\" \/><\/div>\n\t\t\t\t\t<\/div>\n\t\t\t\t<\/div><\/div><\/div><\/div><\/div><\/div><\/div><\/div><\/div><\/div><\/div><\/div><\/div><div class=\"vc_custom_heading_wrap\"><div class=\"heading-text el-text\" ><h2 class=\"h2 font-weight-400\" ><span>T\u00e9moignages<\/span><\/h2><\/div><div class=\"clear\"><\/div><\/div><div class=\"vc_custom_heading_wrap\"><div class=\"heading-text el-text\" ><p class=\"font-202503 h1 fontheight-357766 fontspace-781688 font-weight-400\" ><span>\u3030<\/span><\/p><\/div><div class=\"clear\"><\/div><\/div><div class=\"uncode_text_column vc_custom_1568309694380\"  style=\"padding-right: 20% ;padding-left: 20% ;\"><p><em>\u00ab L'essentiel, c'est juste de s'amuser ! \u00bb \u2013 a dit Fred. Et c'\u00e9tait vrai ! Ils vous font sentir comme la personne la plus importante au monde. Ils cr\u00e9ent une atmosph\u00e8re de joie. Et le r\u00e9sultat, ce sont des photos magnifiques de VOUS. Vous, tels que vous \u00eates, avec votre amour et votre bonheur purs.<\/em><br \/>\n&#8211;<br \/>\nEmese (Hongrie)<\/p>\n<p>&nbsp;<\/p>\n<p><em>\u00ab Pour notre toute premi\u00e8re s\u00e9ance photo, nous n'aurions pas pu r\u00eaver mieux.  D\u00e8s la premi\u00e8re demi-heure, Flora et Fred ont su nous mettre \u00e0 l'aise.  Ensuite, tout s'est d\u00e9roul\u00e9 \u00e0 merveille et nous avons pass\u00e9 un excellent moment. Ils ont \u00e9t\u00e9 tr\u00e8s r\u00e9ceptifs \u00e0 nos id\u00e9es originales et ont m\u00eame consacr\u00e9 beaucoup de temps \u00e0 exp\u00e9rimenter avec la lumi\u00e8re, car les conditions d'\u00e9clairage dans la maison changeaient constamment avec la tomb\u00e9e de la nuit.  Nous avons fini par danser, rire, discuter, prendre des photos et faire plus ample connaissance pendant toute la dur\u00e9e de la s\u00e9ance. Chaque fois que je regarde les photos, je d\u00e9couvre de nouveaux d\u00e9tails.  Lorsque nous avons re\u00e7u la vid\u00e9o, nous avons \u00e9t\u00e9 \u00e9merveill\u00e9s par leur vision \u00e9ditoriale exceptionnelle et la fa\u00e7on dont ils ont assembl\u00e9 les diff\u00e9rentes s\u00e9quences. \u00bb<\/em><br \/>\n&#8211;<br \/>\nLina et Ben (Allemagne)<\/p>\n<p>&nbsp;<\/p>\n<p><em>\u00ab L'id\u00e9e de faire des photos de couple \"professionnelles\" ne nous avait jamais travers\u00e9 l'esprit jusqu'\u00e0 ce que nous rencontrions Fred et Flora.  Gr\u00e2ce \u00e0 eux, nous avons maintenant de magnifiques photos de nous. Ils ont su capturer nos moments de bonheur avec une magie incroyable.  Toute la s\u00e9ance photo s'est d\u00e9roul\u00e9e sans accroc, dans une ambiance d\u00e9tendue et amusante. Ils ont m\u00eame trouv\u00e9 et propos\u00e9 des endroits magnifiques \u00e0 Hanoi \u2014 notre ville natale \u2014 que nous ignorions compl\u00e8tement.  Nous recommandons vivement de faire appel \u00e0 Fred&amp;Flora pour vos photos de couple &lt;3 \u00bb<br \/>\n<\/em>&#8211;<br \/>\nHuong et Luong (Vietnam)<\/p>\n<\/div><\/div><\/div><\/div><\/div><\/div><script id=\"script-row-unique-6\" data-row=\"script-row-unique-6\" type=\"text\/javascript\" class=\"vc_controls\">UNCODE.initRow(document.getElementById(\"row-unique-6\"));<\/script><\/div><\/div><\/div>\n<\/div>","protected":false},"excerpt":{"rendered":"Patrizia &amp; GuillaumeProvence, France &amp; Montr\u00e9al, Canada Patrizia &amp; Guillaume\u2019s epic wedding day \u2026 or rather an epic wedding week. [...]","protected":false},"author":1,"featured_media":0,"parent":0,"menu_order":0,"comment_status":"closed","ping_status":"closed","template":"","meta":{"footnotes":""},"class_list":["post-58600","page","type-page","status-publish","hentry"],"_links":{"self":[{"href":"https:\/\/fredandflora.com\/fr\/wp-json\/wp\/v2\/pages\/58600","targetHints":{"allow":["GET"]}}],"collection":[{"href":"https:\/\/fredandflora.com\/fr\/wp-json\/wp\/v2\/pages"}],"about":[{"href":"https:\/\/fredandflora.com\/fr\/wp-json\/wp\/v2\/types\/page"}],"author":[{"embeddable":true,"href":"https:\/\/fredandflora.com\/fr\/wp-json\/wp\/v2\/users\/1"}],"replies":[{"embeddable":true,"href":"https:\/\/fredandflora.com\/fr\/wp-json\/wp\/v2\/comments?post=58600"}],"version-history":[{"count":61,"href":"https:\/\/fredandflora.com\/fr\/wp-json\/wp\/v2\/pages\/58600\/revisions"}],"predecessor-version":[{"id":73739,"href":"https:\/\/fredandflora.com\/fr\/wp-json\/wp\/v2\/pages\/58600\/revisions\/73739"}],"wp:attachment":[{"href":"https:\/\/fredandflora.com\/fr\/wp-json\/wp\/v2\/media?parent=58600"}],"curies":[{"name":"wp","href":"https:\/\/api.w.org\/{rel}","templated":true}]}}