{"id":72897,"date":"2018-05-28T16:05:21","date_gmt":"2018-05-28T16:05:21","guid":{"rendered":"https:\/\/wordpress.fredandflora.com\/?page_id=72897"},"modified":"2024-01-18T09:19:43","modified_gmt":"2024-01-18T09:19:43","slug":"about-us","status":"publish","type":"page","link":"https:\/\/fredandflora.com\/fr\/about-us\/","title":{"rendered":"\u00c0 propos"},"content":{"rendered":"<div class=\"wpb-content-wrapper\"><div data-parent=\"true\" class=\"vc_row style-color-xsdn-bg vc_custom_1527927031142 limit-width boxed-row row-container\" style=\"margin-top: -50px ;\" id=\"row-unique-0\"><div class=\"row double-top-padding double-bottom-padding single-h-padding row-parent\"><div class=\"wpb_row row-inner\"><div class=\"wpb_column pos-top pos-center align_center column_parent col-lg-12 one-internal-gutter\"><div class=\"uncol style-light\"  ><div class=\"uncoltable\"><div class=\"uncell\" ><div class=\"uncont no-block-padding col-custom-width\" style=\"max-width:600px;\"><div class=\"vc_custom_heading_wrap\"><div class=\"heading-text el-text\" ><h2 class=\"h2 font-weight-400\" ><span>\u00c0 propos<\/span><\/h2><\/div><div class=\"clear\"><\/div><\/div><div class=\"vc_custom_heading_wrap\"><div class=\"heading-text el-text\" ><p class=\"font-202503 h1 fontheight-357766 fontspace-781688 font-weight-400\" ><span>\u3030<\/span><\/p><\/div><div class=\"clear\"><\/div><\/div><div class=\"uncode_text_column\" ><p>Nous sommes Fred &amp; Flora, un duo de conteurs visuels bas\u00e9 \u00e0 Strasbourg.<\/p>\n<p>Nous aimons autant la nature que les \u00e2mes urbaines, les petits mariages intimes, les grandes c\u00e9l\u00e9brations et les esprits libres qui dansent comme s'il n'y avait pas de lendemain. Notre objectif est de nous assurer que vous vous sentiez \u00e0 l'aise et que vous profitiez de votre temps.<\/p>\n<p>Peu importe s'il pleut ou si le vent souffle, si vos parents fondent en larmes, si la voix de votre meilleur ami devient plus faible alors qu'il lit son discours. Ces moments authentiques montrent les v\u00e9ritables valeurs d'un jour de mariage et servent de principale source d'inspiration.<\/p>\n<p>Rencontrons-nous et cr\u00e9ons ensemble des souvenirs intemporels, afin que lorsque vous repenserez \u00e0 votre journ\u00e9e sp\u00e9ciale, vous puissiez dire \u00ab wow, c'\u00e9tait le plus beau jour \u00bb.<\/p>\n<\/div><div class=\"uncode_text_column vc_custom_1663529984594\"  style=\"margin-left: -100px ;padding-left: 50% ;\"><\/p>\n<p style=\"text-align: left;\">\ud83c\uddec\ud83c\udde7 We speak English.<br \/>\n\ud83c\udde9\ud83c\uddea Wir sprechen Deutsch.<br \/>\n\ud83c\uddeb\ud83c\uddf7\u00a0On parle fran\u00e7ais.<br \/>\n\ud83c\udded\ud83c\uddfa Besz\u00e9l\u00fcnk magyarul.<\/p>\n<p>\n<\/div><\/div><\/div><\/div><\/div><\/div><script id=\"script-row-unique-0\" data-row=\"script-row-unique-0\" type=\"text\/javascript\" class=\"vc_controls\">UNCODE.initRow(document.getElementById(\"row-unique-0\"));<\/script><\/div><\/div><\/div><div data-parent=\"true\" class=\"vc_row row-container\" id=\"row-unique-1\"><div class=\"row limit-width row-parent\"><div class=\"wpb_row row-inner\"><div class=\"wpb_column pos-top pos-center align_center column_parent col-lg-12 single-internal-gutter\"><div class=\"uncol style-light\"  ><div class=\"uncoltable\"><div class=\"uncell no-block-padding\" ><div class=\"uncont\"><div class=\"vc_wp_text wpb_content_element\"  data-id=\"1\"><div class=\"widget widget_text\">\t\t\t<div class=\"textwidget\"><\/p>\n<div style=\"padding: 56.25% 0 0 0; position: relative;\"><iframe style=\"position: absolute; top: 0; left: 0; width: 100%; height: 100%;\" src=\"https:\/\/player.vimeo.com\/video\/272322425?color=86b3d1&amp;title=0&amp;byline=0&amp;portrait=0\" frameborder=\"0\" allowfullscreen=\"allowfullscreen\"><\/iframe><\/div>\n<p>\n<\/div>\n\t\t<\/div><\/div><\/div><\/div><\/div><\/div><\/div><script id=\"script-row-unique-1\" data-row=\"script-row-unique-1\" type=\"text\/javascript\" class=\"vc_controls\">UNCODE.initRow(document.getElementById(\"row-unique-1\"));<\/script><\/div><\/div><\/div><div data-parent=\"true\" class=\"vc_row limit-width row-container\" id=\"row-unique-3\"><div class=\"row row-parent\"><div class=\"wpb_row row-inner\"><div class=\"wpb_column pos-top pos-center align_center column_parent col-lg-12 single-internal-gutter\"><div class=\"uncol style-light\"  ><div class=\"uncoltable\"><div class=\"uncell no-block-padding\" ><div class=\"uncont\"><div class=\"vc_row row-internal row-container\"><div class=\"row row-child\"><div class=\"wpb_row row-inner\"><div class=\"wpb_column pos-top pos-center align_left column_child col-lg-12 single-internal-gutter\"><div class=\"uncol style-light\" ><div class=\"uncoltable\"><div class=\"uncell no-block-padding\" ><div class=\"uncont\"><div class=\"uncode-single-media  text-center\"><div class=\"single-wrapper\" style=\"max-width: 150px;\"><div class=\"tmb tmb-light  tmb-media-first tmb-media-last tmb-content-overlay tmb-no-bg\"><div class=\"t-inside\"><div class=\"t-entry-visual\"><div class=\"t-entry-visual-tc\"><div class=\"uncode-single-media-wrapper\"><img decoding=\"async\" class=\"wp-image-73589\" src=\"https:\/\/fredandflora.com\/wp-content\/uploads\/2020\/01\/weddyplace_badge_empfehlung.png\" width=\"1151\" height=\"1151\" alt=\"\" srcset=\"https:\/\/fredandflora.com\/wp-content\/uploads\/2020\/01\/weddyplace_badge_empfehlung.png 1151w, https:\/\/fredandflora.com\/wp-content\/uploads\/2020\/01\/weddyplace_badge_empfehlung-300x300.png 300w, https:\/\/fredandflora.com\/wp-content\/uploads\/2020\/01\/weddyplace_badge_empfehlung-1024x1024.png 1024w, https:\/\/fredandflora.com\/wp-content\/uploads\/2020\/01\/weddyplace_badge_empfehlung-150x150.png 150w, https:\/\/fredandflora.com\/wp-content\/uploads\/2020\/01\/weddyplace_badge_empfehlung-768x768.png 768w, https:\/\/fredandflora.com\/wp-content\/uploads\/2020\/01\/weddyplace_badge_empfehlung-uai-720x720.png 720w, https:\/\/fredandflora.com\/wp-content\/uploads\/2020\/01\/weddyplace_badge_empfehlung-uai-1032x1032.png 1032w\" sizes=\"(max-width: 1151px) 100vw, 1151px\" \/><\/div>\n\t\t\t\t\t<\/div>\n\t\t\t\t<\/div><\/div><\/div><\/div><\/div><\/div><\/div><\/div><\/div><\/div><\/div><\/div><\/div><div class=\"vc_custom_heading_wrap\"><div class=\"heading-text el-text\" ><h2 class=\"h2 font-weight-400\" ><span>T\u00e9moignages<\/span><\/h2><\/div><div class=\"clear\"><\/div><\/div><div class=\"vc_custom_heading_wrap\"><div class=\"heading-text el-text\" ><p class=\"font-202503 h1 fontheight-357766 fontspace-781688 font-weight-400\" ><span>\u3030<\/span><\/p><\/div><div class=\"clear\"><\/div><\/div><div class=\"uncode_text_column vc_custom_1568309694380\"  style=\"padding-right: 20% ;padding-left: 20% ;\"><p><em>\u00ab L'essentiel, c'est juste de s'amuser ! \u00bb \u2013 a dit Fred. Et c'\u00e9tait vrai ! Ils vous font sentir comme la personne la plus importante au monde. Ils cr\u00e9ent une atmosph\u00e8re de joie. Et le r\u00e9sultat, ce sont des photos magnifiques de VOUS. Vous, tels que vous \u00eates, avec votre amour et votre bonheur purs.<\/em><br \/>\n&#8211;<br \/>\nEmese (Hongrie)<\/p>\n<p>&nbsp;<\/p>\n<p><em>\u00ab Pour notre toute premi\u00e8re s\u00e9ance photo, nous n'aurions pas pu r\u00eaver mieux.  D\u00e8s la premi\u00e8re demi-heure, Flora et Fred ont su nous mettre \u00e0 l'aise.  Ensuite, tout s'est d\u00e9roul\u00e9 \u00e0 merveille et nous avons pass\u00e9 un excellent moment. Ils ont \u00e9t\u00e9 tr\u00e8s r\u00e9ceptifs \u00e0 nos id\u00e9es originales et ont m\u00eame consacr\u00e9 beaucoup de temps \u00e0 exp\u00e9rimenter avec la lumi\u00e8re, car les conditions d'\u00e9clairage dans la maison changeaient constamment avec la tomb\u00e9e de la nuit.  Nous avons fini par danser, rire, discuter, prendre des photos et faire plus ample connaissance pendant toute la dur\u00e9e de la s\u00e9ance. Chaque fois que je regarde les photos, je d\u00e9couvre de nouveaux d\u00e9tails.  Lorsque nous avons re\u00e7u la vid\u00e9o, nous avons \u00e9t\u00e9 \u00e9merveill\u00e9s par leur vision \u00e9ditoriale exceptionnelle et la fa\u00e7on dont ils ont assembl\u00e9 les diff\u00e9rentes s\u00e9quences. \u00bb<\/em><br \/>\n&#8211;<br \/>\nLina et Ben (Allemagne)<\/p>\n<p>&nbsp;<\/p>\n<p><em>\u00ab L'id\u00e9e de faire des photos de couple \"professionnelles\" ne nous avait jamais travers\u00e9 l'esprit jusqu'\u00e0 ce que nous rencontrions Fred et Flora.  Gr\u00e2ce \u00e0 eux, nous avons maintenant de magnifiques photos de nous. Ils ont su capturer nos moments de bonheur avec une magie incroyable.  Toute la s\u00e9ance photo s'est d\u00e9roul\u00e9e sans accroc, dans une ambiance d\u00e9tendue et amusante. Ils ont m\u00eame trouv\u00e9 et propos\u00e9 des endroits magnifiques \u00e0 Hanoi \u2014 notre ville natale \u2014 que nous ignorions compl\u00e8tement.  Nous recommandons vivement de faire appel \u00e0 Fred&amp;Flora pour vos photos de couple &lt;3 \u00bb<br \/>\n<\/em>&#8211;<br \/>\nHuong et Luong (Vietnam)<\/p>\n<\/div><\/div><\/div><\/div><\/div><\/div><script id=\"script-row-unique-3\" data-row=\"script-row-unique-3\" type=\"text\/javascript\" class=\"vc_controls\">UNCODE.initRow(document.getElementById(\"row-unique-3\"));<\/script><\/div><\/div><\/div><div data-parent=\"true\" class=\"vc_row vc_custom_1527935228774 row-container\" style=\"padding-top: 50px ;\" id=\"row-unique-4\"><div class=\"row limit-width row-parent\"><div class=\"wpb_row row-inner\"><div class=\"wpb_column pos-top pos-center align_center column_parent col-lg-12 single-internal-gutter\"><div class=\"uncol style-light\"  ><div class=\"uncoltable\"><div class=\"uncell no-block-padding\" ><div class=\"uncont\"><span class=\"btn-container\" ><a href=\"https:\/\/fredandflora.com\/fr\/services\/\" class=\"custom-link btn border-width-0 btn-accent btn-outline btn-icon-left\">More about our Services<\/a><\/span><\/div><\/div><\/div><\/div><\/div><script id=\"script-row-unique-4\" data-row=\"script-row-unique-4\" type=\"text\/javascript\" class=\"vc_controls\">UNCODE.initRow(document.getElementById(\"row-unique-4\"));<\/script><\/div><\/div><\/div>\n<\/div>","protected":false},"excerpt":{"rendered":"About us\u3030We are Fred &amp; Flora, a visual storyteller duo based in Strasbourg. We love nature just as much as [...]","protected":false},"author":1,"featured_media":73492,"parent":0,"menu_order":0,"comment_status":"closed","ping_status":"closed","template":"","meta":{"footnotes":""},"class_list":["post-72897","page","type-page","status-publish","has-post-thumbnail","hentry"],"_links":{"self":[{"href":"https:\/\/fredandflora.com\/fr\/wp-json\/wp\/v2\/pages\/72897","targetHints":{"allow":["GET"]}}],"collection":[{"href":"https:\/\/fredandflora.com\/fr\/wp-json\/wp\/v2\/pages"}],"about":[{"href":"https:\/\/fredandflora.com\/fr\/wp-json\/wp\/v2\/types\/page"}],"author":[{"embeddable":true,"href":"https:\/\/fredandflora.com\/fr\/wp-json\/wp\/v2\/users\/1"}],"replies":[{"embeddable":true,"href":"https:\/\/fredandflora.com\/fr\/wp-json\/wp\/v2\/comments?post=72897"}],"version-history":[{"count":22,"href":"https:\/\/fredandflora.com\/fr\/wp-json\/wp\/v2\/pages\/72897\/revisions"}],"predecessor-version":[{"id":73621,"href":"https:\/\/fredandflora.com\/fr\/wp-json\/wp\/v2\/pages\/72897\/revisions\/73621"}],"wp:featuredmedia":[{"embeddable":true,"href":"https:\/\/fredandflora.com\/fr\/wp-json\/wp\/v2\/media\/73492"}],"wp:attachment":[{"href":"https:\/\/fredandflora.com\/fr\/wp-json\/wp\/v2\/media?parent=72897"}],"curies":[{"name":"wp","href":"https:\/\/api.w.org\/{rel}","templated":true}]}}