{"id":72899,"date":"2018-05-28T16:05:36","date_gmt":"2018-05-28T16:05:36","guid":{"rendered":"https:\/\/wordpress.fredandflora.com\/?page_id=72899"},"modified":"2024-01-18T14:37:46","modified_gmt":"2024-01-18T14:37:46","slug":"services","status":"publish","type":"page","link":"https:\/\/fredandflora.com\/fr\/services\/","title":{"rendered":"Nos services"},"content":{"rendered":"<div class=\"wpb-content-wrapper\"><div data-parent=\"true\" class=\"vc_row style-color-xsdn-bg limit-width boxed-row row-container\" id=\"row-unique-0\"><div class=\"row double-top-padding double-bottom-padding single-h-padding row-parent\"><div class=\"wpb_row row-inner\"><div class=\"wpb_column pos-top pos-center align_center column_parent col-lg-12 single-internal-gutter\"><div class=\"uncol style-light\"  ><div class=\"uncoltable\"><div class=\"uncell\" ><div class=\"uncont no-block-padding col-custom-width\" style=\"max-width:90%;\"><div class=\"vc_custom_heading_wrap\"><div class=\"heading-text el-text\" ><h2 class=\"h2 font-weight-400\" ><span>Photographie de mariage<\/span><\/h2><\/div><div class=\"clear\"><\/div><\/div><div class=\"vc_custom_heading_wrap\"><div class=\"heading-text el-text\" ><p class=\"font-202503 h1 fontheight-357766 fontspace-781688 font-weight-400\" ><span>\u3030<\/span><\/p><\/div><div class=\"clear\"><\/div><\/div><div class=\"vc_row row-internal row-container\"><div class=\"row row-child\"><div class=\"wpb_row row-inner\"><div class=\"wpb_column pos-top pos-center align_left column_child col-lg-6 single-internal-gutter\"><div class=\"uncol style-light\" ><div class=\"uncoltable\"><div class=\"uncell no-block-padding\" ><div class=\"uncont\"><div class=\"uncode_text_column\" ><\/p>\n<ul>\n<li class=\"p1\">Consultation pr\u00e9-mariage et accompagnement tout au long de la planification<\/li>\n<li class=\"p1\">Livr\u00e9 sous 2 mois via un lien en ligne et sur cl\u00e9 USB<\/li>\n<li class=\"p1\">10 photos teaser livr\u00e9es dans les 5 jours suivant le mariage<\/li>\n<\/ul>\n<p>\n<\/div><\/div><\/div><\/div><\/div><\/div><div class=\"wpb_column pos-top pos-center align_left column_child col-lg-6 single-internal-gutter\"><div class=\"uncol style-light\" ><div class=\"uncoltable\"><div class=\"uncell no-block-padding\" ><div class=\"uncont\"><div class=\"uncode_text_column\" ><p><em><strong>Nous capturerons des moments naturels et spontan\u00e9s et raconterons votre v\u00e9ritable histoire d'amour \u00e0 travers des photos.<\/strong><\/em><\/p>\n<\/div><\/div><\/div><\/div><\/div><\/div><\/div><\/div><\/div><\/div><\/div><\/div><\/div><\/div><script id=\"script-row-unique-0\" data-row=\"script-row-unique-0\" type=\"text\/javascript\" class=\"vc_controls\">UNCODE.initRow(document.getElementById(\"row-unique-0\"));<\/script><\/div><\/div><\/div><div data-parent=\"true\" class=\"vc_row row-container with-parallax\" id=\"row-unique-1\"><div class=\"row-background background-element\">\n\t\t\t\t\t\t\t\t\t\t\t<div class=\"background-wrapper\">\n\t\t\t\t\t\t\t\t\t\t\t\t<div class=\"background-inner\" style=\"background-image: url(https:\/\/fredandflora.com\/wp-content\/uploads\/2018\/05\/Lina.and_.Ben-3.jpg);background-repeat: no-repeat;background-position: center center;background-size: cover;\"><\/div>\n\t\t\t\t\t\t\t\t\t\t\t\t\n\t\t\t\t\t\t\t\t\t\t\t<\/div>\n\t\t\t\t\t\t\t\t\t\t<\/div><div class=\"row limit-width row-parent\" data-height-ratio=\"65\"><div class=\"wpb_row row-inner\"><div class=\"wpb_column pos-top pos-center align_left column_parent col-lg-12 single-internal-gutter\"><div class=\"uncol style-light\"  ><div class=\"uncoltable\"><div class=\"uncell no-block-padding\" ><div class=\"uncont\"><\/div><\/div><\/div><\/div><\/div><script id=\"script-row-unique-1\" data-row=\"script-row-unique-1\" type=\"text\/javascript\" class=\"vc_controls\">UNCODE.initRow(document.getElementById(\"row-unique-1\"));<\/script><\/div><\/div><\/div><div data-parent=\"true\" class=\"vc_row style-color-xsdn-bg limit-width boxed-row row-container\" id=\"row-unique-2\"><div class=\"row double-top-padding double-bottom-padding single-h-padding row-parent\"><div class=\"wpb_row row-inner\"><div class=\"wpb_column pos-top pos-center align_center column_parent col-lg-12 single-internal-gutter\"><div class=\"uncol style-light\"  ><div class=\"uncoltable\"><div class=\"uncell\" ><div class=\"uncont no-block-padding col-custom-width\" style=\"max-width:90%;\"><div class=\"vc_custom_heading_wrap\"><div class=\"heading-text el-text\" ><h2 class=\"h2 font-weight-400\" ><span>Film de mariage signature<\/span><\/h2><\/div><div class=\"clear\"><\/div><\/div><div class=\"vc_custom_heading_wrap\"><div class=\"heading-text el-text\" ><p class=\"font-202503 h1 fontheight-357766 fontspace-781688 font-weight-400\" ><span>\u3030<\/span><\/p><\/div><div class=\"clear\"><\/div><\/div><div class=\"vc_row row-internal row-container\"><div class=\"row row-child\"><div class=\"wpb_row row-inner\"><div class=\"wpb_column pos-top pos-center align_left column_child col-lg-6 single-internal-gutter\"><div class=\"uncol style-light\" ><div class=\"uncoltable\"><div class=\"uncell no-block-padding\" ><div class=\"uncont\"><div class=\"uncode_text_column\" ><\/p>\n<ul>\n<li class=\"p1\">Consultation pr\u00e9-mariage et accompagnement tout au long de la planification<\/li>\n<li class=\"p1\">Vid\u00e9o de highlights de 4 \u00e0 6 minutes<\/li>\n<li class=\"p1\">Musique sous licence soigneusement s\u00e9lectionn\u00e9e<\/li>\n<li class=\"p1\">Livr\u00e9 sous 2 mois via un lien en ligne et sur cl\u00e9 USB<\/li>\n<\/ul>\n<p>\n<\/div><\/div><\/div><\/div><\/div><\/div><div class=\"wpb_column pos-top pos-center align_left column_child col-lg-6 single-internal-gutter\"><div class=\"uncol style-light\" ><div class=\"uncoltable\"><div class=\"uncell no-block-padding\" ><div class=\"uncont\"><div class=\"uncode_text_column\" ><p><strong><em>Les photos vous aident \u00e0 vous souvenir, un film vous permet de revivre les moments.\u00a0<\/em><\/strong><\/p>\n<\/div><\/div><\/div><\/div><\/div><\/div><\/div><\/div><\/div><\/div><\/div><\/div><\/div><\/div><script id=\"script-row-unique-2\" data-row=\"script-row-unique-2\" type=\"text\/javascript\" class=\"vc_controls\">UNCODE.initRow(document.getElementById(\"row-unique-2\"));<\/script><\/div><\/div><\/div><div data-parent=\"true\" class=\"vc_row row-container with-parallax\" id=\"row-unique-3\"><div class=\"row-background background-element\">\n\t\t\t\t\t\t\t\t\t\t\t<div class=\"background-wrapper\">\n\t\t\t\t\t\t\t\t\t\t\t\t<div class=\"background-inner\" style=\"background-image: url(https:\/\/fredandflora.com\/wp-content\/uploads\/2018\/10\/AG-19.jpg);background-repeat: no-repeat;background-position: center center;background-size: cover;\"><\/div>\n\t\t\t\t\t\t\t\t\t\t\t\t\n\t\t\t\t\t\t\t\t\t\t\t<\/div>\n\t\t\t\t\t\t\t\t\t\t<\/div><div class=\"row limit-width row-parent\" data-height-ratio=\"65\"><div class=\"wpb_row row-inner\"><div class=\"wpb_column pos-top pos-center align_left column_parent col-lg-12 single-internal-gutter\"><div class=\"uncol style-light\"  ><div class=\"uncoltable\"><div class=\"uncell no-block-padding\" ><div class=\"uncont\"><\/div><\/div><\/div><\/div><\/div><script id=\"script-row-unique-3\" data-row=\"script-row-unique-3\" type=\"text\/javascript\" class=\"vc_controls\">UNCODE.initRow(document.getElementById(\"row-unique-3\"));<\/script><\/div><\/div><\/div><div data-parent=\"true\" class=\"vc_row style-color-xsdn-bg limit-width boxed-row row-container\" id=\"row-unique-4\"><div class=\"row double-top-padding double-bottom-padding single-h-padding row-parent\"><div class=\"wpb_row row-inner\"><div class=\"wpb_column pos-top pos-center align_center column_parent col-lg-12 single-internal-gutter\"><div class=\"uncol style-light\"  ><div class=\"uncoltable\"><div class=\"uncell\" ><div class=\"uncont no-block-padding col-custom-width\" style=\"max-width:90%;\"><div class=\"vc_custom_heading_wrap\"><div class=\"heading-text el-text\" ><h2 class=\"h2 font-weight-400\" ><span>S\u00e9ance couple | famille<\/span><\/h2><\/div><div class=\"clear\"><\/div><\/div><div class=\"vc_custom_heading_wrap\"><div class=\"heading-text el-text\" ><p class=\"font-202503 h1 fontheight-357766 fontspace-781688 font-weight-400\" ><span>\u3030<\/span><\/p><\/div><div class=\"clear\"><\/div><\/div><div class=\"vc_row row-internal row-container\"><div class=\"row row-child\"><div class=\"wpb_row row-inner\"><div class=\"wpb_column pos-top pos-center align_left column_child col-lg-6 single-internal-gutter\"><div class=\"uncol style-light\" ><div class=\"uncoltable\"><div class=\"uncell no-block-padding\" ><div class=\"uncont\"><div class=\"uncode_text_column\" ><\/p>\n<ul>\n<li>Jusqu'\u00e0 2 heures de s\u00e9ance photo ou vid\u00e9o<\/li>\n<li>Vid\u00e9o de 1 \u00e0 2 minutes<\/li>\n<li>Environ 30 photos<\/li>\n<li>Livr\u00e9 sous 1 mois via un lien en ligne<\/li>\n<\/ul>\n<p>\n<\/div><\/div><\/div><\/div><\/div><\/div><div class=\"wpb_column pos-top pos-center align_left column_child col-lg-6 single-internal-gutter\"><div class=\"uncol style-light\" ><div class=\"uncoltable\"><div class=\"uncell no-block-padding\" ><div class=\"uncont\"><div class=\"uncode_text_column\" ><p>Peut-\u00eatre ne voulez-vous pas encore penser au mariage ? Ou peut-\u00eatre \u00eates-vous heureux en mariage depuis un certain temps ? Peut-\u00eatre y a-t-il plus que vous deux ?<br \/>\nNous pensons que l'AMOUR est une raison suffisante pour vouloir de belles images. Nous proposons des s\u00e9ances couple et famille personnalis\u00e9es, qu'il s'agisse d'une s\u00e9ance urbaine ou dans la nature, de votre endroit pr\u00e9f\u00e9r\u00e9 ou d'un paradis cach\u00e9 que nous d\u00e9nicherons pour ce jour-l\u00e0.<\/p>\n<p>Contactez-nous et nous pourrons commencer \u00e0 planifier votre s\u00e9ance ensemble !<\/p>\n<\/div><\/div><\/div><\/div><\/div><\/div><\/div><\/div><\/div><\/div><\/div><\/div><\/div><\/div><script id=\"script-row-unique-4\" data-row=\"script-row-unique-4\" type=\"text\/javascript\" class=\"vc_controls\">UNCODE.initRow(document.getElementById(\"row-unique-4\"));<\/script><\/div><\/div><\/div><div data-parent=\"true\" class=\"vc_row row-container with-parallax\" id=\"row-unique-5\"><div class=\"row-background background-element\">\n\t\t\t\t\t\t\t\t\t\t\t<div class=\"background-wrapper\">\n\t\t\t\t\t\t\t\t\t\t\t\t<div class=\"background-inner\" style=\"background-image: url(https:\/\/fredandflora.com\/wp-content\/uploads\/2024\/01\/FLO02652-scaled.jpg);background-repeat: no-repeat;background-position: center center;background-size: cover;\"><\/div>\n\t\t\t\t\t\t\t\t\t\t\t\t\n\t\t\t\t\t\t\t\t\t\t\t<\/div>\n\t\t\t\t\t\t\t\t\t\t<\/div><div class=\"row limit-width row-parent\" data-height-ratio=\"65\"><div class=\"wpb_row row-inner\"><div class=\"wpb_column pos-top pos-center align_left column_parent col-lg-12 single-internal-gutter\"><div class=\"uncol style-light\"  ><div class=\"uncoltable\"><div class=\"uncell no-block-padding\" ><div class=\"uncont\"><\/div><\/div><\/div><\/div><\/div><script id=\"script-row-unique-5\" data-row=\"script-row-unique-5\" type=\"text\/javascript\" class=\"vc_controls\">UNCODE.initRow(document.getElementById(\"row-unique-5\"));<\/script><\/div><\/div><\/div><div data-parent=\"true\" class=\"vc_row style-color-xsdn-bg limit-width boxed-row row-container\" id=\"row-unique-6\"><div class=\"row double-top-padding double-bottom-padding single-h-padding row-parent\"><div class=\"wpb_row row-inner\"><div class=\"wpb_column pos-top pos-center align_center column_parent col-lg-12 single-internal-gutter\"><div class=\"uncol style-light\"  ><div class=\"uncoltable\"><div class=\"uncell\" ><div class=\"uncont no-block-padding col-custom-width\" style=\"max-width:90%;\"><div class=\"vc_custom_heading_wrap\"><div class=\"heading-text el-text\" ><h2 class=\"h2 font-weight-400\" ><span>S\u00e9ance photo Maman &amp; Moi<\/span><\/h2><\/div><div class=\"clear\"><\/div><\/div><div class=\"vc_custom_heading_wrap\"><div class=\"heading-text el-text\" ><p class=\"font-202503 h1 fontheight-357766 fontspace-781688 font-weight-400\" ><span>\u3030<\/span><\/p><\/div><div class=\"clear\"><\/div><\/div><div class=\"vc_row row-internal row-container\"><div class=\"row row-child\"><div class=\"wpb_row row-inner\"><div class=\"wpb_column pos-top pos-center align_left column_child col-lg-6 single-internal-gutter\"><div class=\"uncol style-light\" ><div class=\"uncoltable\"><div class=\"uncell no-block-padding\" ><div class=\"uncont\"><div class=\"uncode_text_column\" ><\/p>\n<ul>\n<li>Jusqu'\u00e0 1 heure de s\u00e9ance photo<\/li>\n<li>Environ 20 photos<\/li>\n<li>Lieu : dans notre studio maison \u00e0 Neudorf \u2013 Strasbourg<\/li>\n<li>Livr\u00e9 sous 1 mois via un lien en ligne<\/li>\n<\/ul>\n<p>\n<\/div><\/div><\/div><\/div><\/div><\/div><div class=\"wpb_column pos-top pos-center align_left column_child col-lg-6 single-internal-gutter\"><div class=\"uncol style-light\" ><div class=\"uncoltable\"><div class=\"uncell no-block-padding\" ><div class=\"uncont\"><div class=\"uncode_text_column\" ><p>Entrez dans la magie de nos s\u00e9ances \u00ab Maman &amp; Moi \u00bb, c\u00e9l\u00e9brant la v\u00e9rit\u00e9 : pourquoi les mamans excellent-elles \u00e0 capturer ces parfaits moments candides ? Cette fois, dans notre studio, tout est question de vous, merveilleuses mamans ! Habituellement derri\u00e8re l'appareil photo \u00e0 orchestrer la perfection, c'est maintenant votre tour pour des photos de qualit\u00e9. Capturons l'essence de votre parcours - des c\u00e2lins chaleureux aux rires sinc\u00e8res - cr\u00e9ant des souvenirs pr\u00e9cieux.<\/p>\n<p>D\u00e9couvrez la beaut\u00e9 de nos s\u00e9ances \u00ab Maman &amp; Moi \u00bb \u00e0 Strasbourg dans une ambiance de studio chaleureuse et avec des sourires authentiques. Des photos modernes et intemporelles racontant votre histoire unique, pr\u00e9cieuses pour toute une vie. Pr\u00eat(e) \u00e0 planifier votre s\u00e9ance ? Contactez-nous !<\/p>\n<\/div><\/div><\/div><\/div><\/div><\/div><\/div><\/div><\/div><\/div><\/div><\/div><\/div><\/div><script id=\"script-row-unique-6\" data-row=\"script-row-unique-6\" type=\"text\/javascript\" class=\"vc_controls\">UNCODE.initRow(document.getElementById(\"row-unique-6\"));<\/script><\/div><\/div><\/div><div data-parent=\"true\" class=\"vc_row row-container with-parallax\" id=\"row-unique-7\"><div class=\"row-background background-element\">\n\t\t\t\t\t\t\t\t\t\t\t<div class=\"background-wrapper\">\n\t\t\t\t\t\t\t\t\t\t\t\t<div class=\"background-inner\" style=\"background-image: url(https:\/\/fredandflora.com\/wp-content\/uploads\/2019\/04\/AZS-62.jpg);background-repeat: no-repeat;background-position: center center;background-size: cover;\"><\/div>\n\t\t\t\t\t\t\t\t\t\t\t\t\n\t\t\t\t\t\t\t\t\t\t\t<\/div>\n\t\t\t\t\t\t\t\t\t\t<\/div><div class=\"row limit-width row-parent\" data-height-ratio=\"65\"><div class=\"wpb_row row-inner\"><div class=\"wpb_column pos-top pos-center align_left column_parent col-lg-12 single-internal-gutter\"><div class=\"uncol style-light\"  ><div class=\"uncoltable\"><div class=\"uncell no-block-padding\" ><div class=\"uncont\"><\/div><\/div><\/div><\/div><\/div><script id=\"script-row-unique-7\" data-row=\"script-row-unique-7\" type=\"text\/javascript\" class=\"vc_controls\">UNCODE.initRow(document.getElementById(\"row-unique-7\"));<\/script><\/div><\/div><\/div><div data-parent=\"true\" class=\"vc_row limit-width row-container\" id=\"row-unique-8\"><div class=\"row row-parent\"><div class=\"wpb_row row-inner\"><div class=\"wpb_column pos-top pos-center align_center column_parent col-lg-12 single-internal-gutter\"><div class=\"uncol style-light\"  ><div class=\"uncoltable\"><div class=\"uncell\" ><div class=\"uncont no-block-padding col-custom-width\" style=\"max-width:80%;\"><div class=\"vc_custom_heading_wrap\"><div class=\"heading-text el-text\" ><h2 class=\"h2 font-weight-400\" ><span>Envie d'un peu plus ?<\/span><\/h2><\/div><div class=\"clear\"><\/div><\/div><div class=\"vc_custom_heading_wrap\"><div class=\"heading-text el-text\" ><p class=\"font-202503 h1 fontheight-357766 fontspace-781688 font-weight-400\" ><span>\u3030<\/span><\/p><\/div><div class=\"clear\"><\/div><\/div><div class=\"uncode_text_column\" ><p>Vous aimeriez envoyer une vid\u00e9o \"save the date\" \u00e0 vos invit\u00e9s ? Vous souhaitez que des moments familiaux intimes soient captur\u00e9s ? Votre mariage aura lieu dans un endroit insolite ? Vous avez une vision que vous aimeriez donner vie ? Super, nous aimerions tout savoir.<\/p>\n<\/div><span class=\"btn-container\" ><a href=\"https:\/\/fredandflora.com\/fr\/contact\/\" class=\"custom-link btn border-width-0 btn-accent btn-outline btn-icon-left\">Contactez-nous<\/a><\/span><\/div><\/div><\/div><\/div><\/div><script id=\"script-row-unique-8\" data-row=\"script-row-unique-8\" type=\"text\/javascript\" class=\"vc_controls\">UNCODE.initRow(document.getElementById(\"row-unique-8\"));<\/script><\/div><\/div><\/div>\n<\/div>","protected":false},"excerpt":{"rendered":"Wedding Photography\u3030 Pre-wedding consultation and guidance throughout the planning Delivered within 2 months as an online link and on USB [...]","protected":false},"author":1,"featured_media":73155,"parent":0,"menu_order":0,"comment_status":"closed","ping_status":"closed","template":"","meta":{"footnotes":""},"class_list":["post-72899","page","type-page","status-publish","has-post-thumbnail","hentry"],"_links":{"self":[{"href":"https:\/\/fredandflora.com\/fr\/wp-json\/wp\/v2\/pages\/72899","targetHints":{"allow":["GET"]}}],"collection":[{"href":"https:\/\/fredandflora.com\/fr\/wp-json\/wp\/v2\/pages"}],"about":[{"href":"https:\/\/fredandflora.com\/fr\/wp-json\/wp\/v2\/types\/page"}],"author":[{"embeddable":true,"href":"https:\/\/fredandflora.com\/fr\/wp-json\/wp\/v2\/users\/1"}],"replies":[{"embeddable":true,"href":"https:\/\/fredandflora.com\/fr\/wp-json\/wp\/v2\/comments?post=72899"}],"version-history":[{"count":28,"href":"https:\/\/fredandflora.com\/fr\/wp-json\/wp\/v2\/pages\/72899\/revisions"}],"predecessor-version":[{"id":73701,"href":"https:\/\/fredandflora.com\/fr\/wp-json\/wp\/v2\/pages\/72899\/revisions\/73701"}],"wp:featuredmedia":[{"embeddable":true,"href":"https:\/\/fredandflora.com\/fr\/wp-json\/wp\/v2\/media\/73155"}],"wp:attachment":[{"href":"https:\/\/fredandflora.com\/fr\/wp-json\/wp\/v2\/media?parent=72899"}],"curies":[{"name":"wp","href":"https:\/\/api.w.org\/{rel}","templated":true}]}}